{"id":295,"date":"2025-10-24T07:46:38","date_gmt":"2025-10-24T07:46:38","guid":{"rendered":"https:\/\/quintasfarmhouses.pt\/?page_id=295"},"modified":"2025-10-31T11:28:42","modified_gmt":"2025-10-31T11:28:42","slug":"contactos","status":"publish","type":"page","link":"https:\/\/quintasfarmhouses.com\/en\/contactos\/","title":{"rendered":"Contacts"},"content":{"rendered":"<section class=\"bde-section-295-100 bde-section\">\n              \n  \n  \n\t\n\n  <div class=\"section-background-overlay\"><\/div>\n\n\n<div class=\"section-container\"><div class=\"bde-menu-295-180 bde-menu\">\n\n\n      \n        \n    <nav class=\"breakdance-menu breakdance-menu--collapse    \">\n    <button class=\"breakdance-menu-toggle breakdance-menu-toggle--squeeze\" type=\"button\" aria-label=\"Open Menu\" aria-expanded=\"false\" aria-controls=\"menu-180\">\n                  <span class=\"breakdance-menu-toggle-icon\">\n            <span class=\"breakdance-menu-toggle-lines\"><\/span>\n          <\/span>\n            <\/button>\n    \n  <ul class=\"breakdance-menu-list\" id=\"menu-180\">\n              \n      <li class=\"breakdance-menu-topbar\">\n              <span class=\"breakdance-menu-topbar-logo\">\n                                <\/span>\n      \n              <button class=\"breakdance-menu-close-button\" type=\"button\">Close<\/button>\n          <\/li>\n  \n    <li class=\"breakdance-menu-item-295-181 breakdance-menu-item\">\n        \n            \n            \n\n    \n    \n    \n    \n    \n    <a class=\"breakdance-link breakdance-menu-link\" href=\"#\" target=\"_self\" data-type=\"url\"  >\n  Home\n    <\/a>\n\n<\/li><li class=\"breakdance-menu-item-295-182 breakdance-menu-item\">\n        \n            \n            \n\n    \n    \n    \n    \n    \n    <a class=\"breakdance-link breakdance-menu-link\" href=\"https:\/\/quintasfarmhouses.com\/?page_id=166\" target=\"_self\" data-type=\"url\"  >\n  Alojamento\n    <\/a>\n\n<\/li><li class=\"breakdance-menu-item-295-183 breakdance-menu-item\">\n        \n            \n            \n\n    \n    \n    \n    \n    \n    <a class=\"breakdance-link breakdance-menu-link\" href=\"https:\/\/quintasfarmhouses.com\/?page_id=136\" target=\"_self\" data-type=\"url\"  >\n  A Quinta\n    <\/a>\n\n<\/li><li class=\"breakdance-menu-item-295-184 breakdance-menu-item\">\n        \n            \n            \n\n    \n    \n    \n    \n    \n    <a class=\"breakdance-link breakdance-menu-link\" href=\"https:\/\/quintasfarmhouses.com\/?page_id=215\" target=\"_self\" data-type=\"url\"  >\n  Experi\u00eancias\n    <\/a>\n\n<\/li><li class=\"breakdance-menu-item-295-185 breakdance-menu-item\">\n        \n            \n            \n\n    \n    \n    \n    \n    \n    <a class=\"breakdance-link breakdance-menu-link\" href=\"https:\/\/quintasfarmhouses.com\/?page_id=258\" target=\"_self\" data-type=\"url\"  >\n  Arouca\n    <\/a>\n\n<\/li><li class=\"breakdance-menu-item-295-186 breakdance-menu-item\">\n        \n            \n            \n\n    \n    \n    \n    \n    \n    <a class=\"breakdance-link breakdance-menu-link\" href=\"https:\/\/quintasfarmhouses.com\/?page_id=295\" target=\"_self\" data-type=\"url\"  >\n  Contactos\n    <\/a>\n\n<\/li><li class=\"breakdance-menu-item-295-187 breakdance-menu-item\">\n        \n            \n            \n\n    \n    \n    \n    \n    \n    <a class=\"breakdance-link breakdance-menu-link\" href=\"https:\/\/booking.roomraccoon.pt\/quintas-farm-houses\/pt\/\" target=\"_self\" data-type=\"url\"  >\n  Reservar\n    <\/a>\n\n<\/li>\n  <\/ul>\n  <\/nav>\n\n\n<\/div><div class=\"bde-div-295-103 bde-div\">\n  \n  \n\t\n\n\n\n<a class=\"bde-container-link-295-104 bde-container-link breakdance-link\" href=\"\/\" target=\"_self\" data-type=\"url\">\n  \n  \n\t\n\n\n\n<img decoding=\"async\" class=\"bde-image2-295-105 bde-image2\" src=\"https:\/\/quintasfarmhouses.com\/wp-content\/uploads\/2025\/09\/Logo-1-e1757865185156.png\" alt=\"Quintas Farmhouses White Logo\" loading=\"lazy\" srcset=\"https:\/\/quintasfarmhouses.com\/wp-content\/uploads\/2025\/09\/Logo-1-e1757865185156.png 500w, https:\/\/quintasfarmhouses.com\/wp-content\/uploads\/2025\/09\/Logo-1-e1757865185156-300x156.png 300w\" sizes=\"(max-width: 500px) 100vw, 500px\">\n\n<\/a><div class=\"bde-text-295-107 bde-text\">\nFa\u00e7a de conta que a quinta \u00e9 sua\n<\/div><div class=\"bde-icon-295-106 bde-icon\">\n\n    \n            <div class=\"bde-icon-icon breakdance-icon-atom\" >\n    \n                    <svg xmlns=\"http:\/\/www.w3.org\/2000\/svg\" viewBox=\"0 0 448 512\"><!--! Font Awesome Free 6.5.1 by @fontawesome - https:\/\/fontawesome.com License - https:\/\/fontawesome.com\/license\/free (Icons: CC BY 4.0, Fonts: SIL OFL 1.1, Code: MIT License) Copyright 2023 Fonticons, Inc. --><path d=\"M201.4 342.6c12.5 12.5 32.8 12.5 45.3 0l160-160c12.5-12.5 12.5-32.8 0-45.3s-32.8-12.5-45.3 0L224 274.7 86.6 137.4c-12.5-12.5-32.8-12.5-45.3 0s-12.5 32.8 0 45.3l160 160z\"\/><\/svg>\n        \n        \n        \n            <\/div>\n    \n\n\n<\/div>\n<\/div><\/div>\n<\/section><section class=\"bde-section-295-108 bde-section\" data-entrance=\"slideUp\">\n  \n  \n\t\n\n\n\n<div class=\"section-container\"><div class=\"bde-columns-295-109 bde-columns\"><div class=\"bde-column-295-110 bde-column\">\n  \n  \n\t\n\n\n\n<h1 class=\"bde-heading-295-111 bde-heading\">\nEstamos aqui para si\n<\/h1><div class=\"bde-text-295-112 bde-text\">\nTem d\u00favidas, quer personalizar a sua estadia ou simplesmente conhecer melhor as Quint\u00e3s Farm Houses? A nossa equipa est\u00e1 sempre dispon\u00edvel para o acolher, aconselhar e garantir que cada detalhe da sua experi\u00eancia seja perfeito.\n<\/div><div class=\"bde-text-295-188 bde-text\">\nCaso tenha reserva, por favor tenha consigo o n\u00famero da mesma para um contacto mais c\u00e9lere. Pode falar com a nossa equipa para adicionar servi\u00e7os, tours e atividades \u00e0 sua reserva, mesmo que seja uma reserva feita por canais online como a Booking.com ou a Expedia.\n<\/div><div class=\"bde-text-295-189 bde-text\">\nEntre em contacto connosco \u2014 ser\u00e1 um prazer ajudar.\n<\/div>\n<\/div><div class=\"bde-column-295-118 bde-column\">\n  \n  \n\t\n\n\n\n\n<\/div><\/div><\/div>\n<\/section><section class=\"bde-section-295-125 bde-section\">\n  \n  \n\t\n\n\n\n<div class=\"section-container\"><div class=\"bde-div-295-120 bde-div\">\n  \n  \n\t\n\n\n\n<div class=\"bde-div-295-121 bde-div\">\n  \n  \n\t\n\n\n\n<div class=\"bde-text-295-122 bde-text\">\nTelefone\n<\/div><div class=\"bde-text-295-129 bde-text\">\n+351 910 296 327\n<\/div>\n<\/div><div class=\"bde-div-295-123 bde-div\">\n  \n  \n\t\n\n\n\n<div class=\"bde-text-295-124 bde-text\">\nEmail\n<\/div><div class=\"bde-text-295-130 bde-text\">\nreservations@quintasfarmhouses.com\n<\/div><div class=\"bde-text-295-127 bde-text\">\nParcerias \/ Imprensa\n<\/div><div class=\"bde-text-295-131 bde-text\">\npress@quintasfarmhouses.com\n<\/div>\n<\/div><div class=\"bde-div-295-132 bde-div\">\n  \n  \n\t\n\n\n\n<div class=\"bde-text-295-133 bde-text\">\nInstagram\n<\/div><div class=\"bde-text-295-134 bde-text\">\n@quintasfarmhouses\n<\/div>\n<\/div>\n<\/div><\/div>\n<\/section><section class=\"bde-section-295-137 bde-section\">\n  \n  \n\t\n\n\n\n<div class=\"section-container\"><div class=\"bde-columns-295-158 bde-columns\"><div class=\"bde-column-295-159 bde-column\">\n  \n  \n\t\n\n\n\n<div class=\"bde-div-295-152 bde-div\">\n  \n  \n\t\n\n\n\n<div class=\"bde-text-295-153 bde-text\">\nMorada\n<\/div><div class=\"bde-text-295-154 bde-text\">\nR. dos Bombeiros Volunt\u00e1rios de Arouca 3<br>4540-202 Arouca, Portugal\n<\/div>\n<\/div><div class=\"bde-div-295-161 bde-div\">\n  \n  \n\t\n\n\n\n<div class=\"bde-text-295-162 bde-text\">\nHor\u00e1rio de Atendimento\n<\/div><div class=\"bde-text-295-163 bde-text\">\nTodos os dias at\u00e9 das 09h00 \u00e0s 18h00\n<\/div>\n<\/div><div class=\"bde-div-295-164 bde-div\">\n  \n  \n\t\n\n\n\n<div class=\"bde-text-295-165 bde-text\">\nCheck-in \/ Check-out\n<\/div><div class=\"bde-text-295-166 bde-text\">\nCheck-in: A partir das 15h00<br>Check-out: At\u00e9 \u00e0s 11h00<br>(Hor\u00e1rios flex\u00edveis mediante disponibilidade \u2014 fale connosco)\n<\/div>\n<\/div>\n<\/div><div class=\"bde-column-295-160 bde-column\">\n  \n  \n\t\n\n\n\n<div class=\"bde-google-map-295-150 bde-google-map\">\r\n<iframe width=\"100%\" height=\"100%\" style=\"border:0\" loading=\"lazy\" title=\"Quint\u00e3s Farm Houses\" src=\"https:\/\/maps.google.com\/maps?q=Quint%C3%A3s+Farm+Houses&t=m&z=14&output=embed&iwloc=near\" allowfullscreen><\/iframe>\n<\/div>\n<\/div><\/div><\/div>\n<\/section><section class=\"bde-section-295-167 bde-section\">\n              \n  \n  \n\t\n\n  <div class=\"section-background-overlay\"><\/div>\n\n\n<div class=\"section-container\"><h2 class=\"bde-heading-295-168 bde-heading\">\nEnvie-nos uma mensagem\n<\/h2><div class=\"bde-text-295-169 bde-text\">\nPreencha o formul\u00e1rio abaixo e entraremos em contacto consigo o mais brevemente poss\u00edvel. Seja para reservar, adicionar experi\u00eancias ou esclarecer d\u00favidas, estamos \u00e0 sua espera.\n<\/div><div class=\"bde-div-295-170 bde-div\">\n  \n  \n\t\n\n\n\n<div class=\"bde-form-builder-295-171 bde-form-builder\">\n\n<form id=\"formulario-experiencias171\" class=\"breakdance-form breakdance-form--vertical\" data-options=\"{&quot;slug&quot;:&quot;custom&quot;,&quot;name&quot;:&quot;Formul\\u00e1rio Experi\\u00eancias&quot;,&quot;ajaxUrl&quot;:&quot;https:\\\/\\\/quintasfarmhouses.com\\\/wp-admin\\\/admin-ajax.php&quot;,&quot;clearOnSuccess&quot;:true,&quot;hideOnSuccess&quot;:true,&quot;successMessage&quot;:&quot;Recebemos o seu pedido, vamos entrar em contacto consigo no prazo m\\u00e1ximo de 24 horas.&quot;,&quot;errorMessage&quot;:&quot;Ocorreu um erro. Por favor tente novamente ou entre em contacto atrav\\u00e9s de m\\u00e9todos de contacto alternativos. &quot;,&quot;redirect&quot;:false,&quot;redirectUrl&quot;:&quot;&quot;,&quot;customJavaScript&quot;:&quot;&quot;,&quot;recaptcha&quot;:{&quot;key&quot;:&quot;&quot;,&quot;enabled&quot;:false},&quot;honeypot_enabled&quot;:false,&quot;popupsOnSuccess&quot;:[],&quot;popupsOnError&quot;:[]}\" data-steps=\"0\" >\n  \n  \n  \n<div class=\"breakdance-form-field breakdance-form-field--text\" >\n    \n    \n            <label class=\"breakdance-form-field__label\" for=\"name\">\n            Nome<span class=\"breakdance-form-field__required\">*<\/span>\n        <\/label>\n    \n    <input\n    class=\"breakdance-form-field__input\"\n    id=\"name\"\n    aria-describedby=\"name\"\n    type=\"text\"\n    name=\"fields[name]\"\n    placeholder=\"\"\n    value=\"\"\n                \n        \n        \n    required\n    \n    \n    \n    \n    \n>\n\n\n    \n    \n<\/div>\n\n\n<div class=\"breakdance-form-field breakdance-form-field--email\" >\n    \n    \n            <label class=\"breakdance-form-field__label\" for=\"email\">\n            Email<span class=\"breakdance-form-field__required\">*<\/span>\n        <\/label>\n    \n    <input\n    class=\"breakdance-form-field__input\"\n    id=\"email\"\n    aria-describedby=\"email\"\n    type=\"email\"\n    name=\"fields[email]\"\n    placeholder=\"\"\n    value=\"\"\n                \n        \n        \n    required\n    \n    \n    \n    \n    \n>\n\n\n    \n    \n<\/div>\n\n\n<div class=\"breakdance-form-field breakdance-form-field--tel\" >\n    \n    \n            <label class=\"breakdance-form-field__label\" for=\"vtzpfb\">\n            Telefone\n        <\/label>\n    \n    <input\n    class=\"breakdance-form-field__input\"\n    id=\"vtzpfb\"\n    aria-describedby=\"vtzpfb\"\n    type=\"tel\"\n    name=\"fields[vtzpfb]\"\n    placeholder=\"\"\n    value=\"\"\n                \n        \n        \n    \n    \n    \n    \n    \n    \n>\n\n\n    \n    \n<\/div>\n\n\n<div class=\"breakdance-form-field breakdance-form-field--textarea\" >\n    \n    \n            <label class=\"breakdance-form-field__label\" for=\"message\">\n            Mensagem\n        <\/label>\n    \n    <textarea\n    class=\"breakdance-form-field__input\"\n    id=\"message\"\n    aria-describedby=\"message\"\n    type=\"textarea\"\n    name=\"fields[message]\"\n        placeholder=\"\"\n    \n    \n    \n    >\n<\/textarea>\n\n\n    \n    \n<\/div>\n\n\n<div class=\"breakdance-form-field breakdance-form-field--checkbox\" >\n    \n    \n    \n    <fieldset role=\"group\"\n    aria-label=\"Termos e Condi\u00e7\u00f5es\"\n    >\n       <legend class=\"breakdance-form-field__label\">Termos e Condi\u00e7\u00f5es<span class=\"breakdance-form-field__required\">*<\/span><\/legend>\n          <div class=\"breakdance-form-checkbox\">\n          <input\n              type=\"checkbox\"\n              name=\"fields[avzmnl]\"\n              value=\"Aceito os termos e condi\u00e7\u00f5es e ser contactado pela Quint\u00e3s Farm House\"\n              id=\"avzmnl-1\"\n              \n              \n                        >\n          <label class=\"breakdance-form-checkbox__text\" for=\"avzmnl-1\">Aceito os termos e condi\u00e7\u00f5es e ser contactado pela Quint\u00e3s Farm House<\/label>\n      <\/div>\n  <\/fieldset>\n\n\n\n    \n    \n<\/div><div class=\"breakdance-form-field breakdance-form-footer\">    \n    \n    \n    \n    \n            \n            <button type=\"submit\" class=\"button-atom button-atom--primary breakdance-form-button breakdance-form-button__submit\"  >\n    \n        <span class=\"button-atom__text\">Enviar Mensagem<\/span>\n\n        \n        \n            <\/button>\n    \n    <input type=\"hidden\" name=\"form_id\" value=\"171\">\n    <input type=\"hidden\" name=\"post_id\" value=\"295\">\n<\/div>\n\n  \n<\/form>\n\n\n<\/div>\n<\/div><\/div>\n<\/section>","protected":false},"excerpt":{"rendered":"<p>Close Home Alojamento A Quinta Experi\u00eancias Arouca Contactos Reservar Fa\u00e7a de conta que a quinta \u00e9 sua Estamos aqui para si Tem d\u00favidas, quer personalizar a sua estadia ou simplesmente conhecer melhor as Quint\u00e3s Farm Houses? A nossa equipa est\u00e1 sempre dispon\u00edvel para o acolher, aconselhar e garantir que cada detalhe da sua experi\u00eancia seja [&hellip;]<\/p>\n","protected":false},"author":1,"featured_media":0,"parent":0,"menu_order":0,"comment_status":"closed","ping_status":"closed","template":"","meta":{"_breakdance_hide_in_design_set":false,"_breakdance_tags":"","footnotes":""},"class_list":["post-295","page","type-page","status-publish","hentry"],"yoast_head":"<!-- This site is optimized with the Yoast SEO plugin v27.5 - https:\/\/yoast.com\/product\/yoast-seo-wordpress\/ -->\n<title>Contactos - Quint\u00e3s Farm Houses<\/title>\n<meta name=\"description\" content=\"Consulte os contactos das Quint\u00e3s Farm Houses. A nossa equipa est\u00e1 aqui para o ajudar e esclarecer todas as quest\u00f5es.\" \/>\n<meta name=\"robots\" content=\"index, follow, max-snippet:-1, max-image-preview:large, max-video-preview:-1\" \/>\n<link rel=\"canonical\" href=\"https:\/\/quintasfarmhouses.com\/en\/contactos\/\" \/>\n<meta property=\"og:locale\" content=\"en_GB\" \/>\n<meta property=\"og:type\" content=\"article\" \/>\n<meta property=\"og:title\" content=\"Contactos - Quint\u00e3s Farm Houses\" \/>\n<meta property=\"og:description\" content=\"Consulte os contactos das Quint\u00e3s Farm Houses. A nossa equipa est\u00e1 aqui para o ajudar e esclarecer todas as quest\u00f5es.\" \/>\n<meta property=\"og:url\" content=\"https:\/\/quintasfarmhouses.com\/en\/contactos\/\" \/>\n<meta property=\"og:site_name\" content=\"Quint\u00e3s Farmhouses\" \/>\n<meta property=\"article:publisher\" content=\"https:\/\/www.facebook.com\/quintasfarmhouses\" \/>\n<meta property=\"article:modified_time\" content=\"2025-10-31T11:28:42+00:00\" \/>\n<meta name=\"twitter:card\" content=\"summary_large_image\" \/>\n<meta name=\"twitter:label1\" content=\"Estimated reading time\" \/>\n\t<meta name=\"twitter:data1\" content=\"2 minutes\" \/>\n<script type=\"application\/ld+json\" class=\"yoast-schema-graph\">{\"@context\":\"https:\\\/\\\/schema.org\",\"@graph\":[{\"@type\":\"WebPage\",\"@id\":\"https:\\\/\\\/quintasfarmhouses.com\\\/en\\\/contactos\\\/\",\"url\":\"https:\\\/\\\/quintasfarmhouses.com\\\/en\\\/contactos\\\/\",\"name\":\"Contactos - Quint\u00e3s Farm Houses\",\"isPartOf\":{\"@id\":\"https:\\\/\\\/quintasfarmhouses.com\\\/#website\"},\"datePublished\":\"2025-10-24T07:46:38+00:00\",\"dateModified\":\"2025-10-31T11:28:42+00:00\",\"description\":\"Consulte os contactos das Quint\u00e3s Farm Houses. A nossa equipa est\u00e1 aqui para o ajudar e esclarecer todas as quest\u00f5es.\",\"breadcrumb\":{\"@id\":\"https:\\\/\\\/quintasfarmhouses.com\\\/en\\\/contactos\\\/#breadcrumb\"},\"inLanguage\":\"en-GB\",\"potentialAction\":[{\"@type\":\"ReadAction\",\"target\":[\"https:\\\/\\\/quintasfarmhouses.com\\\/en\\\/contactos\\\/\"]}]},{\"@type\":\"BreadcrumbList\",\"@id\":\"https:\\\/\\\/quintasfarmhouses.com\\\/en\\\/contactos\\\/#breadcrumb\",\"itemListElement\":[{\"@type\":\"ListItem\",\"position\":1,\"name\":\"In\u00edcio\",\"item\":\"https:\\\/\\\/quintasfarmhouses.com\\\/\"},{\"@type\":\"ListItem\",\"position\":2,\"name\":\"Contactos\"}]},{\"@type\":\"WebSite\",\"@id\":\"https:\\\/\\\/quintasfarmhouses.com\\\/#website\",\"url\":\"https:\\\/\\\/quintasfarmhouses.com\\\/\",\"name\":\"Quint\u00e3s Farmhouses\",\"description\":\"Pretend the farm is yours\",\"publisher\":{\"@id\":\"https:\\\/\\\/quintasfarmhouses.com\\\/#organization\"},\"potentialAction\":[{\"@type\":\"SearchAction\",\"target\":{\"@type\":\"EntryPoint\",\"urlTemplate\":\"https:\\\/\\\/quintasfarmhouses.com\\\/?s={search_term_string}\"},\"query-input\":{\"@type\":\"PropertyValueSpecification\",\"valueRequired\":true,\"valueName\":\"search_term_string\"}}],\"inLanguage\":\"en-GB\"},{\"@type\":\"Organization\",\"@id\":\"https:\\\/\\\/quintasfarmhouses.com\\\/#organization\",\"name\":\"Quint\u00e3s Farmhouses\",\"url\":\"https:\\\/\\\/quintasfarmhouses.com\\\/\",\"logo\":{\"@type\":\"ImageObject\",\"inLanguage\":\"en-GB\",\"@id\":\"https:\\\/\\\/quintasfarmhouses.com\\\/#\\\/schema\\\/logo\\\/image\\\/\",\"url\":\"https:\\\/\\\/quintasfarmhouses.com\\\/wp-content\\\/uploads\\\/2025\\\/09\\\/cropped-Logo.png\",\"contentUrl\":\"https:\\\/\\\/quintasfarmhouses.com\\\/wp-content\\\/uploads\\\/2025\\\/09\\\/cropped-Logo.png\",\"width\":512,\"height\":512,\"caption\":\"Quint\u00e3s Farmhouses\"},\"image\":{\"@id\":\"https:\\\/\\\/quintasfarmhouses.com\\\/#\\\/schema\\\/logo\\\/image\\\/\"},\"sameAs\":[\"https:\\\/\\\/www.facebook.com\\\/quintasfarmhouses\",\"https:\\\/\\\/www.instagram.com\\\/quintasfarmhouses\"]}]}<\/script>\n<!-- \/ Yoast SEO plugin. -->","yoast_head_json":{"title":"Contactos - Quint\u00e3s Farm Houses","description":"Consulte os contactos das Quint\u00e3s Farm Houses. A nossa equipa est\u00e1 aqui para o ajudar e esclarecer todas as quest\u00f5es.","robots":{"index":"index","follow":"follow","max-snippet":"max-snippet:-1","max-image-preview":"max-image-preview:large","max-video-preview":"max-video-preview:-1"},"canonical":"https:\/\/quintasfarmhouses.com\/en\/contactos\/","og_locale":"en_GB","og_type":"article","og_title":"Contactos - Quint\u00e3s Farm Houses","og_description":"Consulte os contactos das Quint\u00e3s Farm Houses. A nossa equipa est\u00e1 aqui para o ajudar e esclarecer todas as quest\u00f5es.","og_url":"https:\/\/quintasfarmhouses.com\/en\/contactos\/","og_site_name":"Quint\u00e3s Farmhouses","article_publisher":"https:\/\/www.facebook.com\/quintasfarmhouses","article_modified_time":"2025-10-31T11:28:42+00:00","twitter_card":"summary_large_image","twitter_misc":{"Estimated reading time":"2 minutes"},"schema":{"@context":"https:\/\/schema.org","@graph":[{"@type":"WebPage","@id":"https:\/\/quintasfarmhouses.com\/en\/contactos\/","url":"https:\/\/quintasfarmhouses.com\/en\/contactos\/","name":"Contactos - Quint\u00e3s Farm Houses","isPartOf":{"@id":"https:\/\/quintasfarmhouses.com\/#website"},"datePublished":"2025-10-24T07:46:38+00:00","dateModified":"2025-10-31T11:28:42+00:00","description":"Consulte os contactos das Quint\u00e3s Farm Houses. A nossa equipa est\u00e1 aqui para o ajudar e esclarecer todas as quest\u00f5es.","breadcrumb":{"@id":"https:\/\/quintasfarmhouses.com\/en\/contactos\/#breadcrumb"},"inLanguage":"en-GB","potentialAction":[{"@type":"ReadAction","target":["https:\/\/quintasfarmhouses.com\/en\/contactos\/"]}]},{"@type":"BreadcrumbList","@id":"https:\/\/quintasfarmhouses.com\/en\/contactos\/#breadcrumb","itemListElement":[{"@type":"ListItem","position":1,"name":"In\u00edcio","item":"https:\/\/quintasfarmhouses.com\/"},{"@type":"ListItem","position":2,"name":"Contactos"}]},{"@type":"WebSite","@id":"https:\/\/quintasfarmhouses.com\/#website","url":"https:\/\/quintasfarmhouses.com\/","name":"Quint\u00e3s Farmhouses","description":"Pretend the farm is yours","publisher":{"@id":"https:\/\/quintasfarmhouses.com\/#organization"},"potentialAction":[{"@type":"SearchAction","target":{"@type":"EntryPoint","urlTemplate":"https:\/\/quintasfarmhouses.com\/?s={search_term_string}"},"query-input":{"@type":"PropertyValueSpecification","valueRequired":true,"valueName":"search_term_string"}}],"inLanguage":"en-GB"},{"@type":"Organization","@id":"https:\/\/quintasfarmhouses.com\/#organization","name":"Quint\u00e3s Farmhouses","url":"https:\/\/quintasfarmhouses.com\/","logo":{"@type":"ImageObject","inLanguage":"en-GB","@id":"https:\/\/quintasfarmhouses.com\/#\/schema\/logo\/image\/","url":"https:\/\/quintasfarmhouses.com\/wp-content\/uploads\/2025\/09\/cropped-Logo.png","contentUrl":"https:\/\/quintasfarmhouses.com\/wp-content\/uploads\/2025\/09\/cropped-Logo.png","width":512,"height":512,"caption":"Quint\u00e3s Farmhouses"},"image":{"@id":"https:\/\/quintasfarmhouses.com\/#\/schema\/logo\/image\/"},"sameAs":["https:\/\/www.facebook.com\/quintasfarmhouses","https:\/\/www.instagram.com\/quintasfarmhouses"]}]}},"_links":{"self":[{"href":"https:\/\/quintasfarmhouses.com\/en\/wp-json\/wp\/v2\/pages\/295","targetHints":{"allow":["GET"]}}],"collection":[{"href":"https:\/\/quintasfarmhouses.com\/en\/wp-json\/wp\/v2\/pages"}],"about":[{"href":"https:\/\/quintasfarmhouses.com\/en\/wp-json\/wp\/v2\/types\/page"}],"author":[{"embeddable":true,"href":"https:\/\/quintasfarmhouses.com\/en\/wp-json\/wp\/v2\/users\/1"}],"replies":[{"embeddable":true,"href":"https:\/\/quintasfarmhouses.com\/en\/wp-json\/wp\/v2\/comments?post=295"}],"version-history":[{"count":16,"href":"https:\/\/quintasfarmhouses.com\/en\/wp-json\/wp\/v2\/pages\/295\/revisions"}],"predecessor-version":[{"id":411,"href":"https:\/\/quintasfarmhouses.com\/en\/wp-json\/wp\/v2\/pages\/295\/revisions\/411"}],"wp:attachment":[{"href":"https:\/\/quintasfarmhouses.com\/en\/wp-json\/wp\/v2\/media?parent=295"}],"curies":[{"name":"wp","href":"https:\/\/api.w.org\/{rel}","templated":true}]}}